{"id":17,"date":"2022-08-05T19:55:30","date_gmt":"2022-08-05T19:55:30","guid":{"rendered":"http:\/\/teapot.local\/?page_id=17"},"modified":"2025-08-18T14:54:56","modified_gmt":"2025-08-18T14:54:56","slug":"contact","status":"publish","type":"page","link":"https:\/\/www.teapotvfx.com\/sk\/contact\/","title":{"rendered":"Kontakt"},"content":{"rendered":"<div class=\"wp-block-columns is-layout-flex wp-container-core-columns-is-layout-9d6595d7 wp-block-columns-is-layout-flex\">\n<div class=\"wp-block-column is-layout-flow wp-block-column-is-layout-flow\" style=\"flex-basis:70%\">\n<div class=\"wp-block-contact-form-7-contact-form-selector\">\n<div class=\"wpcf7 no-js\" id=\"wpcf7-f103-o1\" lang=\"en-US\" dir=\"ltr\" data-wpcf7-id=\"103\">\n<div class=\"screen-reader-response\"><p role=\"status\" aria-live=\"polite\" aria-atomic=\"true\"><\/p> <ul><\/ul><\/div>\n<form action=\"\/sk\/wp-json\/wp\/v2\/pages\/17#wpcf7-f103-o1\" method=\"post\" class=\"wpcf7-form init\" aria-label=\"Contact form\" novalidate=\"novalidate\" data-status=\"init\" data-trp-original-action=\"\/sk\/wp-json\/wp\/v2\/pages\/17#wpcf7-f103-o1\">\n<fieldset class=\"hidden-fields-container\"><input type=\"hidden\" name=\"_wpcf7\" value=\"103\" \/><input type=\"hidden\" name=\"_wpcf7_version\" value=\"6.1.4\" \/><input type=\"hidden\" name=\"_wpcf7_locale\" value=\"en_US\" \/><input type=\"hidden\" name=\"_wpcf7_unit_tag\" value=\"wpcf7-f103-o1\" \/><input type=\"hidden\" name=\"_wpcf7_container_post\" value=\"0\" \/><input type=\"hidden\" name=\"_wpcf7_posted_data_hash\" value=\"\" \/><input type=\"hidden\" name=\"_wpcf7_recaptcha_response\" value=\"\" \/>\n<\/fieldset>\n<p><label> Va\u0161e meno<br \/>\n<span class=\"wpcf7-form-control-wrap\" data-name=\"your-name\"><input size=\"40\" maxlength=\"400\" class=\"wpcf7-form-control wpcf7-text wpcf7-validates-as-required\" aria-required=\"true\" aria-invalid=\"false\" value=\"\" type=\"text\" name=\"your-name\" \/><\/span> <\/label>\n<\/p>\n<p><label> V\u00e1\u0161 email<br \/>\n<span class=\"wpcf7-form-control-wrap\" data-name=\"your-email\"><input size=\"40\" maxlength=\"400\" class=\"wpcf7-form-control wpcf7-email wpcf7-validates-as-required wpcf7-text wpcf7-validates-as-email\" aria-required=\"true\" aria-invalid=\"false\" value=\"\" type=\"email\" name=\"your-email\" \/><\/span> <\/label>\n<\/p>\n<p><label> Zanechajte n\u00e1m spr\u00e1vu<br \/>\n<span class=\"wpcf7-form-control-wrap\" data-name=\"your-message\"><textarea cols=\"40\" rows=\"10\" maxlength=\"2000\" class=\"wpcf7-form-control wpcf7-textarea\" aria-invalid=\"false\" name=\"your-message\"><\/textarea><\/span> <\/label>\n<\/p>\n<p><input class=\"wpcf7-form-control wpcf7-submit has-spinner\" type=\"submit\" value=\"ODOSLA\u0164\" \/>\n<\/p><div class=\"wpcf7-response-output\" aria-hidden=\"true\"><\/div>\n<input type=\"hidden\" name=\"trp-form-language\" value=\"sk\"\/><\/form>\n<\/div>\n<\/div>\n<\/div>\n\n\n\n<div class=\"wp-block-column is-layout-flow wp-block-column-is-layout-flow\">\n<p>vfx@teapotvfx.com<br>+421 \/  903 622 041<\/p>\n\n\n\n<p><strong>Faktura\u010dn\u00e9 \u00fadaje<\/strong><\/p>\n\n\n\n<p class=\"translation-block\">TeapotVFX s.r.o.<br>\nI\u010cO: 50543261<br>\nDI\u010c: 2120401250<br>\nI\u010c DPH: SK2120401250<\/p>\n\n\n\n<h4 class=\"wp-block-heading\"><a href=\"https:\/\/www.teapotvfx.com\/sk\/privacy-policy-gdpr\/\" data-type=\"link\" data-id=\"https:\/\/www.teapotvfx.com\/privacy-policy-gdpr\/\" target=\"_blank\" rel=\"noreferrer noopener\"><strong>Ochrana osobn\u00fdch \u00fadajov<\/strong><\/a><\/h4>\n<\/div>\n<\/div>\n\n\n\n<h6 class=\"wp-block-heading has-text-align-left\"><br><\/h6>","protected":false},"excerpt":{"rendered":"<p>vfx@teapotvfx.com+421 \/ 903 622 041 Billing Information TeapotVFX, s.r.o.VAT ID: SK2120401250 Privacy Policy<\/p>","protected":false},"author":1,"featured_media":0,"parent":0,"menu_order":0,"comment_status":"closed","ping_status":"closed","template":"","meta":{"_acf_changed":false,"footnotes":""},"class_list":["post-17","page","type-page","status-publish","hentry"],"acf":[],"_links":{"self":[{"href":"https:\/\/www.teapotvfx.com\/sk\/wp-json\/wp\/v2\/pages\/17","targetHints":{"allow":["GET"]}}],"collection":[{"href":"https:\/\/www.teapotvfx.com\/sk\/wp-json\/wp\/v2\/pages"}],"about":[{"href":"https:\/\/www.teapotvfx.com\/sk\/wp-json\/wp\/v2\/types\/page"}],"author":[{"embeddable":true,"href":"https:\/\/www.teapotvfx.com\/sk\/wp-json\/wp\/v2\/users\/1"}],"replies":[{"embeddable":true,"href":"https:\/\/www.teapotvfx.com\/sk\/wp-json\/wp\/v2\/comments?post=17"}],"version-history":[{"count":48,"href":"https:\/\/www.teapotvfx.com\/sk\/wp-json\/wp\/v2\/pages\/17\/revisions"}],"predecessor-version":[{"id":1098,"href":"https:\/\/www.teapotvfx.com\/sk\/wp-json\/wp\/v2\/pages\/17\/revisions\/1098"}],"wp:attachment":[{"href":"https:\/\/www.teapotvfx.com\/sk\/wp-json\/wp\/v2\/media?parent=17"}],"curies":[{"name":"wp","href":"https:\/\/api.w.org\/{rel}","templated":true}]}}